{"id":10563,"date":"2024-07-18T05:18:58","date_gmt":"2024-07-18T05:18:58","guid":{"rendered":"https:\/\/stylemixthemes.com\/avviso-ai-residenti-in-california\/"},"modified":"2024-07-18T05:18:58","modified_gmt":"2024-07-18T05:18:58","slug":"avviso-ai-residenti-in-california","status":"publish","type":"page","link":"https:\/\/stylemixthemes.com\/it\/avviso-ai-residenti-in-california\/","title":{"rendered":"Avviso ai residenti in California"},"content":{"rendered":"<h3><b>Data dell&#8217;ultima modifica del presente avviso: 18 novembre 2022<\/b><\/h3>\n<p><span style=\"font-weight: 400\">Questa informativa sulla privacy si applica solo ai residenti in California.<\/span><\/p>\n<p><span style=\"font-weight: 400\">Al momento, StylemixThemes (&#8220;Stylemix&#8221;, &#8220;noi&#8221;, &#8220;ci&#8221;, &#8220;nostro&#8221;) non \u00e8 tenuta a rispettare la legge sulla privacy dei consumatori della California. <\/span><i><span style=\"font-weight: 400\">California Consumer Privacy Act<\/span><\/i><span style=\"font-weight: 400\"> (CCPA) perch\u00e9<\/span><\/p>\n<ul>\n<li style=\"font-weight: 400\"><span style=\"font-weight: 400\">Il suo fatturato annuo lordo non supera i 25 milioni di dollari;<\/span><\/li>\n<li style=\"font-weight: 400\"><span style=\"font-weight: 400\">Non acquista, vende o condivide le informazioni di 100.000 o pi\u00f9 consumatori o famiglie; e<\/span><\/li>\n<li style=\"font-weight: 400\"><span style=\"font-weight: 400\">Non ricava il 50% o pi\u00f9 delle sue entrate annuali dalla vendita o dalla condivisione delle informazioni personali dei consumatori.<\/span><\/li>\n<\/ul>\n<p><span style=\"font-weight: 400\">Stylemix \u00e8 conforme alla <\/span><i><span style=\"font-weight: 400\">California Online Privacy Protection Act 2003<\/span><\/i><span style=\"font-weight: 400\"> (CalOPPA).<\/span><\/p>\n<p><span style=\"font-weight: 400\">Questo avviso spiega come raccogliamo, utilizziamo, divulghiamo, salvaguardiamo e smaltiamo le informazioni personali dei residenti in California, nonch\u00e9 gli altri diritti che i residenti in California hanno in relazione a tali informazioni.<\/span><\/p>\n<h2><strong>Le informazioni personali che raccogliamo e come\/perch\u00e9<\/strong><\/h2>\n<p><span style=\"font-weight: 400\">I dati personali che raccogliamo sono descritti nella sezione C dell&#8217;Informativa sulla privacy.<\/span><\/p>\n<p><span style=\"font-weight: 400\">I motivi e le modalit\u00e0 di raccolta dei dati personali sono illustrati nelle sezioni D e N dell&#8217;Informativa.<\/span><\/p>\n<h2><strong>Se\/come condividiamo i dati personali<\/strong><\/h2>\n<p><span style=\"font-weight: 400\">Condividiamo le informazioni personali.<\/span><\/p>\n<p><span style=\"font-weight: 400\">Condividiamo i dati personali all&#8217;interno della nostra azienda come indicato nella sezione E.<\/span><\/p>\n<p><span style=\"font-weight: 400\">Condividiamo le informazioni personali con terze parti come indicato nelle sezioni F e N.<\/span><\/p>\n<h2><strong>Come i residenti in California possono rivedere e aggiornare le proprie informazioni<\/strong><\/h2>\n<p><span style=\"font-weight: 400\">I residenti in California possono rivedere e aggiornare le informazioni personali in nostro possesso seguendo la procedura indicata nella sezione K della Policy.<\/span><\/p>\n<h2><strong>Come rispondiamo alle richieste &#8220;Do Not Track<\/strong><\/h2>\n<p><span style=\"font-weight: 400\">Do Not Track (&#8220;DNT&#8221;) \u00e8 un&#8217;opzione di privacy disponibile in alcuni browser. Non riconosciamo n\u00e9 rispondiamo ai segnali DNT inviati dal browser. Questo perch\u00e9 raccogliamo e utilizziamo solo le informazioni personali minime necessarie per condurre transazioni con i nostri clienti e svolgere attivit\u00e0 commerciali legittime.<\/span><\/p>\n<p><span style=\"font-weight: 400\">Non raccogliamo informazioni personali tipicamente considerate sensibili e non conduciamo affari con i bambini n\u00e9 raccogliamo informazioni personali da loro.<\/span><\/p>\n<h2><strong>Modifiche al presente Avviso<\/strong><\/h2>\n<p><span style=\"font-weight: 400\">Modifichiamo periodicamente il presente Avviso ai residenti in California. Se la data dell&#8217;ultima modifica di questa Informativa \u00e8 successiva all&#8217;ultima volta che l&#8217;hai letta, ti invitiamo a rileggere questa Informativa. L&#8217;uso continuato del nostro sito web e\/o l&#8217;acquisto di prodotti o servizi da noi costituisce il tuo consenso alla raccolta, all&#8217;uso e alla divulgazione dei tuoi dati personali in conformit\u00e0 con la nostra Politica sulla privacy e con la presente Informativa.<\/span><\/p>\n","protected":false},"excerpt":{"rendered":"<p>Data dell&#8217;ultima modifica del presente avviso: 18 novembre 2022 Questa informativa sulla privacy si applica solo ai residenti in California. Al momento, StylemixThemes (&#8220;Stylemix&#8221;, &#8220;noi&#8221;, &#8220;ci&#8221;, &#8220;nostro&#8221;) non \u00e8 tenuta a rispettare la legge sulla privacy dei consumatori della California. California Consumer Privacy Act (CCPA) perch\u00e9 Il suo fatturato annuo lordo non supera i 25 [&hellip;]<\/p>\n","protected":false},"author":1,"featured_media":0,"parent":0,"menu_order":0,"comment_status":"closed","ping_status":"closed","template":"page-simple.php","meta":{"footnotes":""},"class_list":["post-10563","page","type-page","status-publish","hentry"],"_links":{"self":[{"href":"https:\/\/stylemixthemes.com\/it\/wp-json\/wp\/v2\/pages\/10563","targetHints":{"allow":["GET"]}}],"collection":[{"href":"https:\/\/stylemixthemes.com\/it\/wp-json\/wp\/v2\/pages"}],"about":[{"href":"https:\/\/stylemixthemes.com\/it\/wp-json\/wp\/v2\/types\/page"}],"author":[{"embeddable":true,"href":"https:\/\/stylemixthemes.com\/it\/wp-json\/wp\/v2\/users\/1"}],"replies":[{"embeddable":true,"href":"https:\/\/stylemixthemes.com\/it\/wp-json\/wp\/v2\/comments?post=10563"}],"version-history":[{"count":0,"href":"https:\/\/stylemixthemes.com\/it\/wp-json\/wp\/v2\/pages\/10563\/revisions"}],"wp:attachment":[{"href":"https:\/\/stylemixthemes.com\/it\/wp-json\/wp\/v2\/media?parent=10563"}],"curies":[{"name":"wp","href":"https:\/\/api.w.org\/{rel}","templated":true}]}}