{"id":9861,"date":"2023-10-20T09:19:45","date_gmt":"2023-10-20T09:19:45","guid":{"rendered":"https:\/\/stylemixthemes.com\/politica-de-suscripcion\/"},"modified":"2023-10-20T09:19:45","modified_gmt":"2023-10-20T09:19:45","slug":"politica-de-suscripcion","status":"publish","type":"page","link":"https:\/\/stylemixthemes.com\/es\/politica-de-suscripcion\/","title":{"rendered":"Pol\u00edtica de suscripci\u00f3n"},"content":{"rendered":"<h2 id=\"welcome\" class=\"t-heading -size-l h-mt4\">Bienvenido a la pol\u00edtica de suscripci\u00f3n<\/h2>\n<p>Esta es una pol\u00edtica de suscripci\u00f3n s\u00f3lo para los productos que se venden en <a href=\"https:\/\/stylemixthemes.com\/es\/\">https:\/\/stylemixthemes.com\/.<\/a> La suscripci\u00f3n incluye <strong>12 meses de asistencia y actualizaciones<\/strong> a partir de la fecha de compra.<\/p>\n<p>Transcurridos 12 meses, deber\u00e1 <strong>actualizar<\/strong> su suscripci\u00f3n para obtener actualizaciones de los art\u00edculos y asistencia al cliente.<\/p>\n<h2>\u00bfQu\u00e9 incluye la asistencia t\u00e9cnica por suscripci\u00f3n?<\/h2>\n<p>El soporte por suscripci\u00f3n es un servicio proporcionado por StylemixThemes a trav\u00e9s del sistema de tickets en <a href=\"https:\/\/support.stylemixthemes.com\/\">https:\/\/support.stylemixthemes.com\/,<\/a> documentaciones. Todos los productos StylemixThemes incluyen soporte t\u00e9cnico durante 12 meses a partir de la fecha de compra. El soporte incluye:<\/p>\n<p style=\"margin-bottom: 0.85rem\">&#8211; Correcci\u00f3n de errores<\/p>\n<p style=\"margin-bottom: 0.85rem\">&#8211; Documentaci\u00f3n<\/p>\n<p style=\"margin-bottom: 0.85rem\">&#8211; Actualizaciones<\/p>\n<p>Tenga en cuenta que el tiempo necesario para responder a su solicitud puede variar. Si est\u00e1 esperando un arreglo o una actualizaci\u00f3n, puede tardar varios d\u00edas (semanas) en arreglarse, probarse, revisarse y publicarse correctamente. Nuestro servicio de asistencia tambi\u00e9n puede tomarse descansos en la prestaci\u00f3n de asistencia sobre art\u00edculos.<\/p>\n<p>Si tiene un problema t\u00e9cnico con el art\u00edculo, el servicio de asistencia puede solicitarle los datos de acceso a su sitio web para proporcionarle una asistencia precisa.<\/p>\n<h2>Lo que no incluye la asistencia por suscripci\u00f3n<\/h2>\n<p>Instalaci\u00f3n y <strong>configuraci\u00f3n<\/strong>: La asistencia no incluye la instalaci\u00f3n y configuraci\u00f3n de los art\u00edculos por parte del cliente. No obstante, se proporciona documentaci\u00f3n clara sobre todos los aspectos de la instalaci\u00f3n y la configuraci\u00f3n.<\/p>\n<p><strong>Personalizaci\u00f3n<\/strong>: La suscripci\u00f3n no incluye servicios para modificar o ampliar el art\u00edculo m\u00e1s all\u00e1 de las caracter\u00edsticas, el estilo y la funcionalidad originales descritos en la p\u00e1gina del producto.<\/p>\n<p>Alojamiento<strong>, entorno de servidor o software<\/strong>: No estamos obligados a dar soporte a problemas sobre su alojamiento web o entorno de servidor, o problemas con el software que tiene instalado en su m\u00e1quina para utilizar nuestro producto.<\/p>\n<h2>Pol\u00edtica de reembolso<\/h2>\n<p>StylemixThemes ofrece 14 d\u00edas de garant\u00eda de devoluci\u00f3n de dinero s\u00f3lo para las ventas en <a href=\"https:\/\/stylemixthemes.com\/es\/\">https:\/\/stylemixthemes.com\/.<\/a> Durante este periodo, podr\u00e1 recuperar la totalidad de su dinero si, por cualquier motivo, no queda satisfecho con la totalidad de los servicios prestados por nuestros plugins.<\/p>\n<h3>Antes de pedir una devoluci\u00f3n<\/h3>\n<p><strong>Importante:<\/strong> Por favor, aseg\u00farese de comprobar la demo y hacer todas las preguntas para conocer las caracter\u00edsticas del plugin antes de la compra (puede utilizar el sistema de tickets en <a href=\"https:\/\/stylemix.net\/ticket-form\/\" target=\"_blank\" rel=\"noopener\">https:\/\/stylemix.net\/ticket-form\/)<\/a>.<\/p>\n","protected":false},"excerpt":{"rendered":"<p>Bienvenido a la pol\u00edtica de suscripci\u00f3n Esta es una pol\u00edtica de suscripci\u00f3n s\u00f3lo para los productos que se venden en https:\/\/stylemixthemes.com\/. La suscripci\u00f3n incluye 12 meses de asistencia y actualizaciones a partir de la fecha de compra. Transcurridos 12 meses, deber\u00e1 actualizar su suscripci\u00f3n para obtener actualizaciones de los art\u00edculos y asistencia al cliente. \u00bfQu\u00e9 [&hellip;]<\/p>\n","protected":false},"author":1,"featured_media":0,"parent":0,"menu_order":0,"comment_status":"closed","ping_status":"closed","template":"","meta":{"footnotes":""},"class_list":["post-9861","page","type-page","status-publish","hentry"],"_links":{"self":[{"href":"https:\/\/stylemixthemes.com\/es\/wp-json\/wp\/v2\/pages\/9861","targetHints":{"allow":["GET"]}}],"collection":[{"href":"https:\/\/stylemixthemes.com\/es\/wp-json\/wp\/v2\/pages"}],"about":[{"href":"https:\/\/stylemixthemes.com\/es\/wp-json\/wp\/v2\/types\/page"}],"author":[{"embeddable":true,"href":"https:\/\/stylemixthemes.com\/es\/wp-json\/wp\/v2\/users\/1"}],"replies":[{"embeddable":true,"href":"https:\/\/stylemixthemes.com\/es\/wp-json\/wp\/v2\/comments?post=9861"}],"version-history":[{"count":0,"href":"https:\/\/stylemixthemes.com\/es\/wp-json\/wp\/v2\/pages\/9861\/revisions"}],"wp:attachment":[{"href":"https:\/\/stylemixthemes.com\/es\/wp-json\/wp\/v2\/media?parent=9861"}],"curies":[{"name":"wp","href":"https:\/\/api.w.org\/{rel}","templated":true}]}}