{"id":481,"date":"2023-07-04T17:11:15","date_gmt":"2023-07-04T17:11:15","guid":{"rendered":"https:\/\/stylemixthemes.com\/?page_id=481"},"modified":"2023-07-04T17:11:16","modified_gmt":"2023-07-04T17:11:16","slug":"terminos-de-servicio","status":"publish","type":"page","link":"https:\/\/stylemixthemes.com\/es\/terminos-de-servicio\/","title":{"rendered":"T\u00e9rminos de Servicio"},"content":{"rendered":"\n<h2 class=\"wp-block-heading\">Definiciones<\/h2>\n\n\n\n<p>A lo largo de este documento, podemos utilizar ciertas palabras o frases, y es importante que comprendas su significado. A continuaci\u00f3n se muestra una lista no exhaustiva de definiciones de palabras y frases que se encuentran en este documento:<\/p>\n\n\n\n<ul class=\"wp-block-list\">\n<li>\u00abAcuerdo\u00bb se refiere a estos T\u00e9rminos de Servicio;<\/li>\n\n\n\n<li>\u00abServicio\u00bb se refiere a los servicios que proporcionamos, incluyendo nuestros temas de WordPress (ya sea obtenidos de nosotros a trav\u00e9s de Themeforest.net, nuestro Sitio, directamente por correo electr\u00f3nico o de otra manera) y nuestro propio Sitio;<\/li>\n\n\n\n<li>\u00abSitio\u00bb se refiere a nuestro sitio web, <strong>support.stylemixthemes.com<\/strong>;<\/li>\n\n\n\n<li>\u00abStylemixThemes\u00bb se refiere a nuestra empresa, conocida como \u00abStylemix LLC\u00bb; nuestro Sitio; nuestro Servicio; o una combinaci\u00f3n de todas o algunas de las definiciones anteriores, seg\u00fan el contexto en el que se utilice la palabra;<\/li>\n\n\n\n<li>\u00abUsuario\u00bb se refiere a cualquier persona que utiliza nuestro Servicio, incluyendo visitantes generales de nuestro Sitio;<\/li>\n\n\n\n<li>\u00abT\u00fa\u00bb se refiere a ti, la persona que est\u00e1 sujeta a esta Pol\u00edtica de Privacidad.<\/li>\n<\/ul>\n\n\n\n<h2 class=\"wp-block-heading\">Lo que ofrece StylemixThemes<\/h2>\n\n\n\n<p>StylemixThemes es una empresa en l\u00ednea que crea temas de WordPress. Actualmente, vendemos exclusivamente estos temas en Themeforest.net (\u00abThemeforest\u00bb). Themeforest controla la transacci\u00f3n, los precios, la pol\u00edtica de soporte y gestiona la licencia de cada compra.<\/p>\n\n\n\n<p>StylemixThemes ofrece soporte t\u00e9cnico a cualquier persona que compre nuestro tema en Themeforest. Este soporte se ofrece en nuestro sitio web actual y la <a rel=\"noreferrer noopener\" href=\"https:\/\/themeforest.net\/page\/item_support_policy\" data-type=\"URL\" data-id=\"https:\/\/themeforest.net\/page\/item_support_policy\" target=\"_blank\">pol\u00edtica de soporte<\/a> y los <a href=\"https:\/\/help.market.envato.com\/hc\/en-us\/articles\/205923460\" data-type=\"URL\" data-id=\"https:\/\/help.market.envato.com\/hc\/en-us\/articles\/205923460\" target=\"_blank\" rel=\"noreferrer noopener\">precios de soporte<\/a> son controlados por Themeforest.net.<\/p>\n\n\n\n<p>Cuando un Usuario compra nuestro tema en Themeforest, recibe un c\u00f3digo de compra de Themeforest que le permite registrarse en nuestro centro de soporte para acceder a nuestro soporte. Solo ofrecemos soporte a compradores verificados de nuestro tema en Themeforest.<\/p>\n\n\n\n<h2 class=\"wp-block-heading\">Elegibilidad<\/h2>\n\n\n\n<p>Para utilizar nuestro Servicio, debes cumplir con una serie de condiciones, que incluyen, entre otras:<\/p>\n\n\n\n<ul class=\"wp-block-list\">\n<li>No debes estar en violaci\u00f3n de ning\u00fan embargo, control de exportaci\u00f3n u otras leyes del Emirato de Ajman en los Emiratos \u00c1rabes Unidos ni de otros pa\u00edses que tengan jurisdicci\u00f3n sobre este Acuerdo, StylemixThemes y t\u00fa.<\/li>\n\n\n\n<li>Debes tener la edad m\u00ednima requerida para celebrar un contrato en el \u00e1rea en la que resides y, en cualquier caso, no tener menos de 18 a\u00f1os.<\/li>\n\n\n\n<li>Si te registras en nombre de una organizaci\u00f3n, debes estar autorizado por esa organizaci\u00f3n para obligarla a cumplir este Acuerdo, y aceptas que t\u00fa y la organizaci\u00f3n ser\u00e1n conjunta y solidariamente responsables de cualquier incumplimiento del mismo.<\/li>\n\n\n\n<li>Debes proporcionarnos informaci\u00f3n personal y otra informaci\u00f3n que consideremos necesaria para brindarte nuestro Servicio.<\/li>\n<\/ul>\n\n\n\n<h2 class=\"wp-block-heading\">Reglas<\/h2>\n\n\n\n<p>No debes:<\/p>\n\n\n\n<ul class=\"wp-block-list\">\n<li>Violentar las leyes del Emirato de Ajman, los Emiratos \u00c1rabes Unidos o cualquier entidad pol\u00edtica extranjera con jurisdicci\u00f3n sobre este Acuerdo, ya sea que dicha entidad pol\u00edtica extranjera sea un pa\u00eds o una subdivisi\u00f3n (como un estado o provincia) o municipio (como una ciudad, pueblo, condado o regi\u00f3n) de un pa\u00eds extranjero.<\/li>\n\n\n\n<li>Publicar o enviar cualquier cosa violenta, amenazante, pornogr\u00e1fica, racista, odiosa u objetable de cualquier otra manera seg\u00fan la opini\u00f3n de StylemixThemes.<\/li>\n\n\n\n<li>Infringir los derechos de propiedad intelectual de cualquier persona, difamar a alguien, suplantar a alguien o de cualquier otra manera violar los derechos de terceros.<\/li>\n\n\n\n<li>Hackear, agrietar, realizar phishing, inyectar c\u00f3digo SQL u comprometer de cualquier otra manera la seguridad o integridad del Sitio de StylemixThemes, el Servicio o las computadoras de sus Usuarios.<\/li>\n\n\n\n<li>Realizar cualquier otra acci\u00f3n que pueda desprestigiar a StylemixThemes o violar los derechos de cualquier persona.<\/li>\n<\/ul>\n\n\n\n<h2 class=\"wp-block-heading\">Derechos de autor<\/h2>\n\n\n\n<p>Acuerdas no copiar, distribuir, mostrar, difundir o reproducir de ninguna manera la informaci\u00f3n del Sitio sin obtener nuestro permiso previo por escrito.<\/p>\n\n\n\n<p>StylemixThemes debe asegurarse de tener el derecho de usar el contenido que los Usuarios publican en su Sitio. Este contenido puede incluir, entre otros, fotograf\u00edas, videos, texto, audio y otros materiales. Al enviar contenido a nuestro Sitio, aceptas que nos est\u00e1s otorgando un derecho no exclusivo, universal, perpetuo, irrevocable, sublicenciable, comercial y no comercial para usar, distribuir, vender, publicar y hacer uso de cualquier otra forma del contenido que nos env\u00edes. Nos garantizas que tienes el derecho de otorgarnos este derecho sobre el contenido y que nos indemnizar\u00e1s por cualquier p\u00e9rdida resultante de un incumplimiento de esta garant\u00eda y nos defender\u00e1s ante reclamos relacionados con lo mismo.<\/p>\n","protected":false},"excerpt":{"rendered":"<p>Definiciones A lo largo de este documento, podemos utilizar ciertas palabras o frases, y es importante que comprendas su significado. A continuaci\u00f3n se muestra una lista no exhaustiva de definiciones de palabras y frases que se encuentran en este documento: Lo que ofrece StylemixThemes StylemixThemes es una empresa en l\u00ednea que crea temas de WordPress. [&hellip;]<\/p>\n","protected":false},"author":1,"featured_media":0,"parent":0,"menu_order":0,"comment_status":"closed","ping_status":"closed","template":"","meta":{"footnotes":""},"class_list":["post-481","page","type-page","status-publish","hentry"],"_links":{"self":[{"href":"https:\/\/stylemixthemes.com\/es\/wp-json\/wp\/v2\/pages\/481","targetHints":{"allow":["GET"]}}],"collection":[{"href":"https:\/\/stylemixthemes.com\/es\/wp-json\/wp\/v2\/pages"}],"about":[{"href":"https:\/\/stylemixthemes.com\/es\/wp-json\/wp\/v2\/types\/page"}],"author":[{"embeddable":true,"href":"https:\/\/stylemixthemes.com\/es\/wp-json\/wp\/v2\/users\/1"}],"replies":[{"embeddable":true,"href":"https:\/\/stylemixthemes.com\/es\/wp-json\/wp\/v2\/comments?post=481"}],"version-history":[{"count":1,"href":"https:\/\/stylemixthemes.com\/es\/wp-json\/wp\/v2\/pages\/481\/revisions"}],"predecessor-version":[{"id":482,"href":"https:\/\/stylemixthemes.com\/es\/wp-json\/wp\/v2\/pages\/481\/revisions\/482"}],"wp:attachment":[{"href":"https:\/\/stylemixthemes.com\/es\/wp-json\/wp\/v2\/media?parent=481"}],"curies":[{"name":"wp","href":"https:\/\/api.w.org\/{rel}","templated":true}]}}