{"id":10564,"date":"2024-07-18T05:19:15","date_gmt":"2024-07-18T05:19:15","guid":{"rendered":"https:\/\/stylemixthemes.com\/hinweis-fur-einwohner-von-kalifornien\/"},"modified":"2024-07-18T05:19:15","modified_gmt":"2024-07-18T05:19:15","slug":"hinweis-fur-einwohner-von-kalifornien","status":"publish","type":"page","link":"https:\/\/stylemixthemes.com\/de\/hinweis-fur-einwohner-von-kalifornien\/","title":{"rendered":"Hinweis f\u00fcr Einwohner von Kalifornien"},"content":{"rendered":"<h3><b>Datum der letzten \u00c4nderung dieser Mitteilung: November 18, 2022<\/b><\/h3>\n<p><span style=\"font-weight: 400\">Dieser Datenschutzhinweis gilt nur f\u00fcr Einwohner Kaliforniens.<\/span><\/p>\n<p><span style=\"font-weight: 400\">Gegenw\u00e4rtig ist StylemixThemes (&#8222;Stylemix&#8220;, &#8222;wir&#8220;, &#8222;uns&#8220;, &#8222;unser&#8220;) nicht verpflichtet, das <\/span><i><span style=\"font-weight: 400\">California Consumer Privacy Act<\/span><\/i><span style=\"font-weight: 400\"> (CCPA) einzuhalten, weil<\/span><\/p>\n<ul>\n<li style=\"font-weight: 400\"><span style=\"font-weight: 400\">Seine j\u00e4hrlichen Bruttoeinnahmen \u00fcbersteigen nicht 25 Millionen US$;<\/span><\/li>\n<li style=\"font-weight: 400\"><span style=\"font-weight: 400\">Es kauft, verkauft oder teilt nicht die Daten von 100.000 oder mehr Verbrauchern oder Haushalten; und<\/span><\/li>\n<li style=\"font-weight: 400\"><span style=\"font-weight: 400\">Es erwirtschaftet nicht 50 Prozent oder mehr seines Jahresumsatzes mit dem Verkauf oder der Weitergabe von pers\u00f6nlichen Daten der Verbraucher.<\/span><\/li>\n<\/ul>\n<p><span style=\"font-weight: 400\">Stylemix erf\u00fcllt die Anforderungen des <\/span><i><span style=\"font-weight: 400\">Kalifornischen Gesetz zum Schutz der Privatsph\u00e4re im Internet 2003<\/span><\/i><span style=\"font-weight: 400\"> (CalOPPA).<\/span><\/p>\n<p><span style=\"font-weight: 400\">In diesem Hinweis wird erl\u00e4utert, wie wir die personenbezogenen Daten von in Kalifornien ans\u00e4ssigen Personen erfassen, verwenden, weitergeben, sch\u00fctzen und entsorgen, sowie andere Rechte, die in Kalifornien ans\u00e4ssige Personen in Bezug auf diese Daten haben.<\/span><\/p>\n<h2><strong>Die pers\u00f6nlichen Informationen, die wir sammeln und wie\/warum<\/strong><\/h2>\n<p><span style=\"font-weight: 400\">Die pers\u00f6nlichen Daten, die wir sammeln, sind in Abschnitt C der Datenschutzrichtlinie aufgef\u00fchrt.<\/span><\/p>\n<p><span style=\"font-weight: 400\">Warum und wie wir personenbezogene Daten sammeln, wird in den Abschnitten D und N der Richtlinie dargelegt.<\/span><\/p>\n<h2><strong>Wenn\/Wie wir pers\u00f6nliche Informationen weitergeben<\/strong><\/h2>\n<p><span style=\"font-weight: 400\">Wir geben pers\u00f6nliche Informationen weiter.<\/span><\/p>\n<p><span style=\"font-weight: 400\">Wir geben pers\u00f6nliche Daten intern in unserem Unternehmen weiter, wie in Abschnitt E beschrieben.<\/span><\/p>\n<p><span style=\"font-weight: 400\">Wir geben pers\u00f6nliche Informationen an Dritte weiter, wie in den Abschnitten F und N beschrieben.<\/span><\/p>\n<h2><strong>Wie Einwohner von Kalifornien ihre Informationen \u00fcberpr\u00fcfen und aktualisieren k\u00f6nnen<\/strong><\/h2>\n<p><span style=\"font-weight: 400\">In Kalifornien ans\u00e4ssige Personen k\u00f6nnen die pers\u00f6nlichen Daten, die wir \u00fcber sie gespeichert haben, \u00fcberpr\u00fcfen und aktualisieren, indem sie das Verfahren in Abschnitt K der Richtlinie befolgen.<\/span><\/p>\n<h2><strong>Wie wir auf &#8222;Do Not Track&#8220;-Anfragen reagieren<\/strong><\/h2>\n<p><span style=\"font-weight: 400\">Do Not Track (&#8222;DNT&#8220;) ist eine Datenschutzeinstellung, die in einigen Browsern verf\u00fcgbar ist. Wir erkennen und reagieren nicht auf vom Browser initiierte DNT-Signale. Das liegt daran, dass wir nur das Minimum an pers\u00f6nlichen Daten sammeln und verwenden, das f\u00fcr die Abwicklung von Transaktionen mit unseren Kunden und die Durchf\u00fchrung legitimer Gesch\u00e4ftsaktivit\u00e4ten erforderlich ist.<\/span><\/p>\n<p><span style=\"font-weight: 400\">Wir sammeln keine pers\u00f6nlichen Daten, die typischerweise als sensibel eingestuft werden, und wir machen keine Gesch\u00e4fte mit Kindern und sammeln keine pers\u00f6nlichen Daten von ihnen.<\/span><\/p>\n<h2><strong>\u00c4nderungen an dieser Mitteilung<\/strong><\/h2>\n<p><span style=\"font-weight: 400\">Wir \u00e4ndern diesen Hinweis f\u00fcr in Kalifornien ans\u00e4ssige Personen von Zeit zu Zeit. Wenn das Datum der letzten \u00c4nderung dieses Hinweises sp\u00e4ter liegt als das Datum, an dem Sie ihn das letzte Mal gelesen haben, lesen Sie diesen Hinweis bitte erneut. Die fortgesetzte Nutzung unserer Website und\/oder der Kauf von Produkten oder Dienstleistungen von uns bedeutet Ihr Einverst\u00e4ndnis mit der Erfassung, Verwendung und Weitergabe Ihrer pers\u00f6nlichen Daten gem\u00e4\u00df unserer Datenschutzrichtlinie und diesem Hinweis.<\/span><\/p>\n","protected":false},"excerpt":{"rendered":"<p>Datum der letzten \u00c4nderung dieser Mitteilung: November 18, 2022 Dieser Datenschutzhinweis gilt nur f\u00fcr Einwohner Kaliforniens. Gegenw\u00e4rtig ist StylemixThemes (&#8222;Stylemix&#8220;, &#8222;wir&#8220;, &#8222;uns&#8220;, &#8222;unser&#8220;) nicht verpflichtet, das California Consumer Privacy Act (CCPA) einzuhalten, weil Seine j\u00e4hrlichen Bruttoeinnahmen \u00fcbersteigen nicht 25 Millionen US$; Es kauft, verkauft oder teilt nicht die Daten von 100.000 oder mehr Verbrauchern oder [&hellip;]<\/p>\n","protected":false},"author":1,"featured_media":0,"parent":0,"menu_order":0,"comment_status":"closed","ping_status":"closed","template":"page-simple.php","meta":{"footnotes":""},"class_list":["post-10564","page","type-page","status-publish","hentry"],"_links":{"self":[{"href":"https:\/\/stylemixthemes.com\/de\/wp-json\/wp\/v2\/pages\/10564","targetHints":{"allow":["GET"]}}],"collection":[{"href":"https:\/\/stylemixthemes.com\/de\/wp-json\/wp\/v2\/pages"}],"about":[{"href":"https:\/\/stylemixthemes.com\/de\/wp-json\/wp\/v2\/types\/page"}],"author":[{"embeddable":true,"href":"https:\/\/stylemixthemes.com\/de\/wp-json\/wp\/v2\/users\/1"}],"replies":[{"embeddable":true,"href":"https:\/\/stylemixthemes.com\/de\/wp-json\/wp\/v2\/comments?post=10564"}],"version-history":[{"count":0,"href":"https:\/\/stylemixthemes.com\/de\/wp-json\/wp\/v2\/pages\/10564\/revisions"}],"wp:attachment":[{"href":"https:\/\/stylemixthemes.com\/de\/wp-json\/wp\/v2\/media?parent=10564"}],"curies":[{"name":"wp","href":"https:\/\/api.w.org\/{rel}","templated":true}]}}