{"id":10560,"date":"2024-07-17T16:08:27","date_gmt":"2024-07-17T16:08:27","guid":{"rendered":"https:\/\/stylemixthemes.com\/hinweis-fur-in-grosbritannien-ansassige-personen\/"},"modified":"2024-07-17T16:08:27","modified_gmt":"2024-07-17T16:08:27","slug":"hinweis-fur-in-grosbritannien-ansassige-personen","status":"publish","type":"page","link":"https:\/\/stylemixthemes.com\/de\/hinweis-fur-in-grosbritannien-ansassige-personen\/","title":{"rendered":"Hinweis f\u00fcr in Gro\u00dfbritannien ans\u00e4ssige Personen"},"content":{"rendered":"<h3><b>Datum der letzten \u00c4nderung dieser Mitteilung: November 18, 2022<\/b><\/h3>\n<p><span style=\"font-weight: 400\">Dieser Datenschutzhinweis gilt nur f\u00fcr Einwohner des Vereinigten K\u00f6nigreichs Gro\u00dfbritannien und Nordirland.<\/span><\/p>\n<p><span style=\"font-weight: 400\">In dieser Mitteilung wird dargelegt, wie Stylemix FZ-LLC (&#8222;Stylemix&#8220;, &#8222;wir&#8220;, &#8222;uns&#8220;, &#8222;unser&#8220;) als Datenverantwortlicher personenbezogene Daten verarbeitet. Die eingetragene Adresse von Stylemix lautet VD-G00-187, Building 5, Dubai Media City, Dubai, UAE 72280. E-Mail:  <\/span><a href=\"mailto:services@stylemixthemes.com\"><span style=\"font-weight: 400\">services@stylemixthemes.com<\/span><\/a><span style=\"font-weight: 400\">.<\/span><\/p>\n<p><span style=\"font-weight: 400\">Sie k\u00f6nnen uns unter <a href=\"mailto:services@stylemixthemes.com\">services@stylemixthemes.com<\/a> erreichen.<\/span><span style=\"font-weight: 400\">.<\/span><\/p>\n<p><span style=\"font-weight: 400\">Da das DPA und die Allgemeine Datenschutzverordnung der EU in Bezug auf die Anwendung auf Stylemix und seine Nutzer und Kunden im Wesentlichen identisch sind, werden die Einwohner des Vereinigten K\u00f6nigreichs f\u00fcr Informationen \u00fcber unsere Datenschutzpraktiken auf unseren Hinweis f\u00fcr EU\/EWR-Einwohner verwiesen.<\/span><\/p>\n<p><span style=\"font-weight: 400\">Die Anwendung des Abschnitts \u00fcber die Einhaltung der Vorschriften in den Hinweisen f\u00fcr in der EU\/EWR ans\u00e4ssige Personen auf im Vereinigten K\u00f6nigreich ans\u00e4ssige Personen erfordert die Ersetzung von &#8222;Nutzer und Kunden haben au\u00dferdem das Recht, eine Beschwerde beim Information Commissioner&#8217;s Office einzureichen (und die entsprechenden Kontaktinformationen) finden Sie <\/span><a href=\"https:\/\/ico.org.uk\/make-a-complaint\/\"><span style=\"font-weight: 400\">hier<\/span><\/a><span style=\"font-weight: 400\">.&#8220; f\u00fcr &#8222;Nutzer und Kunden haben auch das Recht, eine Beschwerde bei der Datenschutzbeh\u00f6rde ihres Landes einzureichen.&#8220;<\/span><\/p>\n<p><span style=\"font-weight: 400\">Wir \u00e4ndern diese Mitteilung und die Mitteilung an die Einwohner von UE\/EWR von Zeit zu Zeit. Wenn das Datum der letzten \u00c4nderung dieser Mitteilung sp\u00e4ter liegt als das Datum, an dem Sie sie das letzte Mal gelesen haben, lesen Sie die Mitteilungen bitte erneut.<\/span><\/p>\n","protected":false},"excerpt":{"rendered":"<p>Datum der letzten \u00c4nderung dieser Mitteilung: November 18, 2022 Dieser Datenschutzhinweis gilt nur f\u00fcr Einwohner des Vereinigten K\u00f6nigreichs Gro\u00dfbritannien und Nordirland. In dieser Mitteilung wird dargelegt, wie Stylemix FZ-LLC (&#8222;Stylemix&#8220;, &#8222;wir&#8220;, &#8222;uns&#8220;, &#8222;unser&#8220;) als Datenverantwortlicher personenbezogene Daten verarbeitet. Die eingetragene Adresse von Stylemix lautet VD-G00-187, Building 5, Dubai Media City, Dubai, UAE 72280. E-Mail: services@stylemixthemes.com. [&hellip;]<\/p>\n","protected":false},"author":1,"featured_media":0,"parent":0,"menu_order":0,"comment_status":"closed","ping_status":"closed","template":"page-simple.php","meta":{"footnotes":""},"class_list":["post-10560","page","type-page","status-publish","hentry"],"_links":{"self":[{"href":"https:\/\/stylemixthemes.com\/de\/wp-json\/wp\/v2\/pages\/10560","targetHints":{"allow":["GET"]}}],"collection":[{"href":"https:\/\/stylemixthemes.com\/de\/wp-json\/wp\/v2\/pages"}],"about":[{"href":"https:\/\/stylemixthemes.com\/de\/wp-json\/wp\/v2\/types\/page"}],"author":[{"embeddable":true,"href":"https:\/\/stylemixthemes.com\/de\/wp-json\/wp\/v2\/users\/1"}],"replies":[{"embeddable":true,"href":"https:\/\/stylemixthemes.com\/de\/wp-json\/wp\/v2\/comments?post=10560"}],"version-history":[{"count":0,"href":"https:\/\/stylemixthemes.com\/de\/wp-json\/wp\/v2\/pages\/10560\/revisions"}],"wp:attachment":[{"href":"https:\/\/stylemixthemes.com\/de\/wp-json\/wp\/v2\/media?parent=10560"}],"curies":[{"name":"wp","href":"https:\/\/api.w.org\/{rel}","templated":true}]}}