{"id":10184,"date":"2024-01-23T04:33:55","date_gmt":"2024-01-23T04:33:55","guid":{"rendered":"https:\/\/stylemixthemes.com\/abonnement-politik\/"},"modified":"2024-01-23T04:33:55","modified_gmt":"2024-01-23T04:33:55","slug":"abonnement-politik","status":"publish","type":"page","link":"https:\/\/stylemixthemes.com\/de\/abonnement-politik\/","title":{"rendered":"Abonnement-Politik"},"content":{"rendered":"<h2 id=\"welcome\" class=\"t-heading -size-l h-mt4\">Willkommen bei der Abonnementpolitik<\/h2>\n<p>Dies ist eine Abo-Politik nur f\u00fcr Produkte, die auf <a href=\"https:\/\/stylemixthemes.com\/de\/\">https:\/\/stylemixthemes.com\/<\/a> verkauft werden <a href=\"https:\/\/stylemixthemes.com\/de\/\">.<\/a> Das Abonnement umfasst <strong>12 Monate Support und Updates<\/strong> ab dem Kaufdatum.<\/p>\n<p>Nach 12 Monaten m\u00fcssen Sie Ihr Abonnement <strong>upgraden<\/strong>, um Artikel-Updates und Kundensupport zu erhalten.<\/p>\n<h2>Was ist im Abonnement-Support enthalten?<\/h2>\n<p>Der Abonnement-Support ist ein Service, der von StylemixThemes \u00fcber das Ticketsystem auf <a href=\"https:\/\/support.stylemixthemes.com\/\">https:\/\/support.stylemixthemes.com\/<\/a> angeboten wird. Alle StylemixThemes Produkte beinhalten Support f\u00fcr 12 Monate ab dem Kaufdatum. Die Unterst\u00fctzung umfasst:<\/p>\n<p style=\"margin-bottom: 0.85rem\">&#8211; Fehlerbehebungen<\/p>\n<p style=\"margin-bottom: 0.85rem\">&#8211; Dokumentation<\/p>\n<p style=\"margin-bottom: 0.85rem\">&#8211; Aktualisierte Artikel<\/p>\n<p>Bitte beachten Sie, dass die Beantwortung Ihrer Anfrage unterschiedlich lange dauern kann. Wenn Sie auf eine Korrektur oder ein Update warten, kann es mehrere Tage (Wochen) dauern, bis die Korrektur, der Test, die \u00dcberpr\u00fcfung und die Freigabe erfolgt sind. Unser Support kann auch Pausen von der Artikelunterst\u00fctzung einlegen.<\/p>\n<p>Wenn Sie ein technisches Problem mit dem Artikel haben, kann der Support die Zugangsdaten zu Ihrer Website anfordern, um Ihnen genau helfen zu k\u00f6nnen.<\/p>\n<h2>Was ist nicht im Subscription Support enthalten?<\/h2>\n<p><strong>Installation und Einrichtung<\/strong>: Der Support umfasst nicht die Installation und Einrichtung der Artikel auf Kundenseite. F\u00fcr alle Punkte zur Installation und Einrichtung wird jedoch eine klare Dokumentation bereitgestellt.<\/p>\n<p><strong>Anpassungen<\/strong>: Das Abonnement umfasst keine Dienstleistungen zur \u00c4nderung oder Erweiterung des Artikels \u00fcber die auf der Produktseite beschriebenen urspr\u00fcnglichen Merkmale, den Stil und die Funktionalit\u00e4t hinaus.<\/p>\n<p><strong>Hosting, Serverumgebung oder Software<\/strong>: Wir sind nicht verpflichtet, Probleme mit Ihrem Webhosting oder Ihrer Serverumgebung oder Probleme mit der Software, die Sie auf Ihrem Rechner installiert haben, um unser Produkt zu nutzen, zu unterst\u00fctzen.<\/p>\n<h2>Erstattungspolitik<\/h2>\n<p>StylemixThemes bietet 14 Tage Geld-zur\u00fcck-Garantie nur f\u00fcr Verk\u00e4ufe auf <a href=\"https:\/\/stylemixthemes.com\/de\/\">https:\/\/stylemixthemes.com\/.<\/a> W\u00e4hrend dieser Zeit steht es Ihnen frei, Ihr Geld in voller H\u00f6he zur\u00fcckzubekommen, wenn Sie aus irgendeinem Grund mit dem gesamten Leistungsspektrum unserer Plugins nicht zufrieden sind.<\/p>\n<h3>Bevor Sie eine Erstattung beantragen<\/h3>\n<p><strong>Wichtig:<\/strong> Bitte schauen Sie sich die Demo an und stellen Sie alle Fragen zu den Funktionen des Plugins, bevor Sie es kaufen (Sie k\u00f6nnen das Ticketsystem auf <a href=\"https:\/\/stylemix.net\/ticket-form\/\" target=\"_blank\" rel=\"noopener\">https:\/\/stylemix.net\/ticket-form\/<\/a> nutzen <a href=\"https:\/\/stylemix.net\/ticket-form\/\" target=\"_blank\" rel=\"noopener\">)<\/a>.<\/p>\n","protected":false},"excerpt":{"rendered":"<p>Willkommen bei der Abonnementpolitik Dies ist eine Abo-Politik nur f\u00fcr Produkte, die auf https:\/\/stylemixthemes.com\/ verkauft werden . Das Abonnement umfasst 12 Monate Support und Updates ab dem Kaufdatum. Nach 12 Monaten m\u00fcssen Sie Ihr Abonnement upgraden, um Artikel-Updates und Kundensupport zu erhalten. Was ist im Abonnement-Support enthalten? Der Abonnement-Support ist ein Service, der von StylemixThemes [&hellip;]<\/p>\n","protected":false},"author":1,"featured_media":0,"parent":0,"menu_order":0,"comment_status":"closed","ping_status":"closed","template":"","meta":{"footnotes":""},"class_list":["post-10184","page","type-page","status-publish","hentry"],"_links":{"self":[{"href":"https:\/\/stylemixthemes.com\/de\/wp-json\/wp\/v2\/pages\/10184","targetHints":{"allow":["GET"]}}],"collection":[{"href":"https:\/\/stylemixthemes.com\/de\/wp-json\/wp\/v2\/pages"}],"about":[{"href":"https:\/\/stylemixthemes.com\/de\/wp-json\/wp\/v2\/types\/page"}],"author":[{"embeddable":true,"href":"https:\/\/stylemixthemes.com\/de\/wp-json\/wp\/v2\/users\/1"}],"replies":[{"embeddable":true,"href":"https:\/\/stylemixthemes.com\/de\/wp-json\/wp\/v2\/comments?post=10184"}],"version-history":[{"count":0,"href":"https:\/\/stylemixthemes.com\/de\/wp-json\/wp\/v2\/pages\/10184\/revisions"}],"wp:attachment":[{"href":"https:\/\/stylemixthemes.com\/de\/wp-json\/wp\/v2\/media?parent=10184"}],"curies":[{"name":"wp","href":"https:\/\/api.w.org\/{rel}","templated":true}]}}