{"id":9158,"date":"2022-11-18T13:33:36","date_gmt":"2022-11-18T08:33:36","guid":{"rendered":"https:\/\/stylemixthemes.com\/cost-calculator-plugin\/aviso-a-los-residentes-del-reino-unido\/"},"modified":"2022-12-07T17:20:49","modified_gmt":"2022-12-07T12:20:49","slug":"aviso-a-los-residentes-del-reino-unido","status":"publish","type":"page","link":"https:\/\/stylemixthemes.com\/cost-calculator-plugin\/es\/aviso-a-los-residentes-del-reino-unido\/","title":{"rendered":"Aviso a Los Residentes Del Reino Unido"},"content":{"rendered":"<h3><b>Fecha de la \u00daltima Modificaci\u00f3n de este Aviso: 18 de noviembre de 2022<\/b><\/h3>\n<p><span style=\"font-weight: 400;\">Este aviso de privacidad solo se aplica a los residentes del Reino Unido de Gran Breta\u00f1a e Irlanda del Norte.<\/span><\/p>\n<p><span style=\"font-weight: 400;\">Este aviso establece c\u00f3mo Stylemix FZ-LLC (\u00abStylemix\u00bb, \u00abnosotros\u00bb, \u00abnos\u00bb, \u00abnuestro\u00bb) procesa los datos personales como controlador de datos. La direcci\u00f3n registrada de Stylemix es VD-G00-187, Building 5, Dubai Media City, Dubai, EAU 72280. Correo electr\u00f3nico: <\/span><a href=\"mailto:services@stylemixthemes.com\"><span style=\"font-weight: 400;\">services@stylemixthemes.com<\/span><\/a><span style=\"font-weight: 400;\">.<\/span><\/p>\n<p><span style=\"font-weight: 400;\">Puede ponerse en contacto con nosotros en<a href=\"mailto:services@stylemixthemes.com\">services@stylemixthemes.com<\/a><\/span><span style=\"font-weight: 400;\">.<\/span><\/p>\n<p><span style=\"font-weight: 400;\">Debido a que el DPA y el Reglamento general de protecci\u00f3n de datos de la UE son materialmente id\u00e9nticos en t\u00e9rminos de aplicaci\u00f3n a Stylemix y sus usuarios y clientes, los residentes del Reino Unido deben consultar nuestro Aviso para residentes de la UE\/EEE para obtener informaci\u00f3n sobre nuestras pr\u00e1cticas de privacidad de datos.<\/span><\/p>\n<p><span style=\"font-weight: 400;\">La aplicaci\u00f3n de la secci\u00f3n de Cumplimiento en el Aviso para los residentes de la UE\/EEE a los residentes del Reino Unido requiere la sustituci\u00f3n de \u00abLos usuarios y clientes tambi\u00e9n tienen derecho a presentar una queja ante la Oficina del Comisionado de Informaci\u00f3n (y su informaci\u00f3n de contacto) se puede encontrar <\/span><a href=\"https:\/\/ico.org.uk\/make-a-complaint\/\"><span style=\"font-weight: 400;\">aqu\u00ed<\/span><\/a><span style=\"font-weight: 400;\">.\u00bb para \u00abLos usuarios y clientes tambi\u00e9n tienen derecho a presentar una queja ante la Autoridad de Protecci\u00f3n de Datos GDPR en su pa\u00eds\u00bb.<\/span><\/p>\n<p><span style=\"font-weight: 400;\">Modificamos este Aviso y el Aviso para los residentes de UE\/EEE de vez en cuando. Si la fecha de la \u00faltima modificaci\u00f3n de este Aviso es posterior a la \u00faltima vez que lo ley\u00f3, vuelva a revisar los Avisos.<\/span><\/p>\n","protected":false},"excerpt":{"rendered":"<p>Fecha de la \u00daltima Modificaci\u00f3n de este Aviso: 18 de noviembre de 2022 Este aviso de privacidad solo se aplica a los residentes del Reino&#8230;<\/p>\n","protected":false},"author":1,"featured_media":0,"parent":0,"menu_order":0,"comment_status":"closed","ping_status":"closed","template":"page-simple.php","meta":{"footnotes":""},"class_list":["post-9158","page","type-page","status-publish","hentry"],"_links":{"self":[{"href":"https:\/\/stylemixthemes.com\/cost-calculator-plugin\/es\/wp-json\/wp\/v2\/pages\/9158","targetHints":{"allow":["GET"]}}],"collection":[{"href":"https:\/\/stylemixthemes.com\/cost-calculator-plugin\/es\/wp-json\/wp\/v2\/pages"}],"about":[{"href":"https:\/\/stylemixthemes.com\/cost-calculator-plugin\/es\/wp-json\/wp\/v2\/types\/page"}],"author":[{"embeddable":true,"href":"https:\/\/stylemixthemes.com\/cost-calculator-plugin\/es\/wp-json\/wp\/v2\/users\/1"}],"replies":[{"embeddable":true,"href":"https:\/\/stylemixthemes.com\/cost-calculator-plugin\/es\/wp-json\/wp\/v2\/comments?post=9158"}],"version-history":[{"count":2,"href":"https:\/\/stylemixthemes.com\/cost-calculator-plugin\/es\/wp-json\/wp\/v2\/pages\/9158\/revisions"}],"predecessor-version":[{"id":9183,"href":"https:\/\/stylemixthemes.com\/cost-calculator-plugin\/es\/wp-json\/wp\/v2\/pages\/9158\/revisions\/9183"}],"wp:attachment":[{"href":"https:\/\/stylemixthemes.com\/cost-calculator-plugin\/es\/wp-json\/wp\/v2\/media?parent=9158"}],"curies":[{"name":"wp","href":"https:\/\/api.w.org\/{rel}","templated":true}]}}