{"id":9156,"date":"2022-11-18T13:33:00","date_gmt":"2022-11-18T08:33:00","guid":{"rendered":"https:\/\/stylemixthemes.com\/cost-calculator-plugin\/aviso-a-las-residentes-de-california\/"},"modified":"2022-12-07T17:27:23","modified_gmt":"2022-12-07T12:27:23","slug":"aviso-a-las-residentes-de-california","status":"publish","type":"page","link":"https:\/\/stylemixthemes.com\/cost-calculator-plugin\/es\/aviso-a-las-residentes-de-california\/","title":{"rendered":"Aviso a las residentes de California"},"content":{"rendered":"<h3><b>Fecha de la \u00daltima Modificaci\u00f3n de este Aviso: 18 de noviembre de 2022<\/b><\/h3>\n<p><span style=\"font-weight: 400;\">Este aviso de privacidad s\u00f3lo se aplica a los residentes de California.<\/span><\/p>\n<p><span style=\"font-weight: 400;\">En este momento, StylemixThemes (\u00abStylemix\u00bb, \u00abnosotros\u00bb, \u00abnos\u00bb, \u00abnuestro\u00bb) no est\u00e1 obligado a cumplir con<\/span> <i><span style=\"font-weight: 400;\">la Ley de Privacidad del Consumidor de California<\/span><\/i> <span style=\"font-weight: 400;\">(CCPA) porque<\/span><\/p>\n<ul>\n<li style=\"font-weight: 400;\" aria-level=\"1\"><span style=\"font-weight: 400;\">Sus ingresos brutos anuales no superan los US$25 millones;<\/span><\/li>\n<li style=\"font-weight: 400;\" aria-level=\"1\"><span style=\"font-weight: 400;\">No compra, vende ni comparte la informaci\u00f3n de 100.000 o m\u00e1s consumidores u hogares; y<\/span><\/li>\n<li style=\"font-weight: 400;\" aria-level=\"1\"><span style=\"font-weight: 400;\">No obtiene el 50 por ciento o m\u00e1s de sus ingresos anuales de la venta o el intercambio de informaci\u00f3n personal de los consumidores.<\/span><\/li>\n<\/ul>\n<p><span style=\"font-weight: 400;\">Stylemix cumple con la<\/span> <i><span style=\"font-weight: 400;\">Ley de protecci\u00f3n de la privacidad en l\u00ednea de California<\/span><\/i> <span style=\"font-weight: 400;\">de 2003 (CalOPPA).<\/span><\/p>\n<p><span style=\"font-weight: 400;\">Este aviso explica c\u00f3mo recopilamos, usamos, divulgamos, protegemos y eliminamos la informaci\u00f3n personal de los residentes de California, as\u00ed como otros derechos que tienen los residentes de California con respecto a esa informaci\u00f3n.<\/span><\/p>\n<h2><strong>La Informaci\u00f3n Personal Que Recopilamos y C\u00f3mo\/Por Qu\u00e9<\/strong><\/h2>\n<p><span style=\"font-weight: 400;\">La informaci\u00f3n personal que recopilamos se divulga en la secci\u00f3n C de la Pol\u00edtica de privacidad.<\/span><\/p>\n<p><span style=\"font-weight: 400;\">Por qu\u00e9 y c\u00f3mo recopilamos informaci\u00f3n personal se revela en las secciones D y N de la Pol\u00edtica.<\/span><\/p>\n<h2><strong>Si\/C\u00f3mo Compartimos Informaci\u00f3n Personal<\/strong><\/h2>\n<p><span style=\"font-weight: 400;\">Compartimos informaci\u00f3n personal.<\/span><\/p>\n<p><span style=\"font-weight: 400;\">Compartimos informaci\u00f3n personal internamente en nuestra empresa como se describe en la secci\u00f3n E.<\/span><\/p>\n<p><span style=\"font-weight: 400;\">Compartimos informaci\u00f3n personal con terceros como se describe en las secciones F y N.<\/span><\/p>\n<h2><strong>C\u00f3mo Los Residentes De California Pueden Revisar y Actualizar Su Informaci\u00f3n<\/strong><\/h2>\n<p><span style=\"font-weight: 400;\">Los residentes de California pueden revisar y actualizar la informaci\u00f3n personal que tenemos sobre ellos siguiendo el procedimiento de la secci\u00f3n K de la Pol\u00edtica.<\/span><\/p>\n<h2><strong>C\u00f3mo Respondemos a Las Solicitudes De \u00abNo Rastrear\u00bb<\/strong><\/h2>\n<p><span style=\"font-weight: 400;\">Do Not Track (\u00abDNT\u00bb) es una preferencia de privacidad disponible en algunos navegadores. No reconocemos ni respondemos a las se\u00f1ales DNT iniciadas por el navegador. Esto se debe a que recopilamos y usamos solo la informaci\u00f3n personal m\u00ednima necesaria para realizar transacciones con nuestros clientes y llevar a cabo actividades comerciales leg\u00edtimas.<\/span><\/p>\n<p><span style=\"font-weight: 400;\">No recopilamos informaci\u00f3n personal que normalmente se caracteriza como confidencial y no realizamos negocios ni recopilamos informaci\u00f3n personal de ni\u00f1os.<\/span><\/p>\n<h2><strong>Enmiendas a este Aviso<\/strong><\/h2>\n<p><span style=\"font-weight: 400;\">Enmendamos este Aviso para los residentes de California de vez en cuando. Si la fecha de la \u00faltima modificaci\u00f3n de este Aviso es posterior a la \u00faltima vez que lo ley\u00f3, vuelva a revisar este Aviso. El uso continuado de nuestro sitio web y\/o la compra de nuestros productos o servicios constituye su consentimiento para la recopilaci\u00f3n, el uso y la divulgaci\u00f3n de su informaci\u00f3n personal de acuerdo con nuestra Pol\u00edtica de privacidad y este Aviso.<\/span><\/p>\n","protected":false},"excerpt":{"rendered":"<p>Fecha de la \u00daltima Modificaci\u00f3n de este Aviso: 18 de noviembre de 2022 Este aviso de privacidad s\u00f3lo se aplica a los residentes de California&#8230;.<\/p>\n","protected":false},"author":1,"featured_media":0,"parent":0,"menu_order":0,"comment_status":"closed","ping_status":"closed","template":"page-simple.php","meta":{"footnotes":""},"class_list":["post-9156","page","type-page","status-publish","hentry"],"_links":{"self":[{"href":"https:\/\/stylemixthemes.com\/cost-calculator-plugin\/es\/wp-json\/wp\/v2\/pages\/9156","targetHints":{"allow":["GET"]}}],"collection":[{"href":"https:\/\/stylemixthemes.com\/cost-calculator-plugin\/es\/wp-json\/wp\/v2\/pages"}],"about":[{"href":"https:\/\/stylemixthemes.com\/cost-calculator-plugin\/es\/wp-json\/wp\/v2\/types\/page"}],"author":[{"embeddable":true,"href":"https:\/\/stylemixthemes.com\/cost-calculator-plugin\/es\/wp-json\/wp\/v2\/users\/1"}],"replies":[{"embeddable":true,"href":"https:\/\/stylemixthemes.com\/cost-calculator-plugin\/es\/wp-json\/wp\/v2\/comments?post=9156"}],"version-history":[{"count":1,"href":"https:\/\/stylemixthemes.com\/cost-calculator-plugin\/es\/wp-json\/wp\/v2\/pages\/9156\/revisions"}],"predecessor-version":[{"id":9184,"href":"https:\/\/stylemixthemes.com\/cost-calculator-plugin\/es\/wp-json\/wp\/v2\/pages\/9156\/revisions\/9184"}],"wp:attachment":[{"href":"https:\/\/stylemixthemes.com\/cost-calculator-plugin\/es\/wp-json\/wp\/v2\/media?parent=9156"}],"curies":[{"name":"wp","href":"https:\/\/api.w.org\/{rel}","templated":true}]}}