{"id":11172,"date":"2023-02-27T09:07:00","date_gmt":"2023-02-27T04:07:00","guid":{"rendered":"https:\/\/stylemixthemes.com\/cost-calculator-plugin\/templates\/car-rental-booking-template\/"},"modified":"2023-10-23T17:06:30","modified_gmt":"2023-10-23T12:06:30","slug":"car-rental-booking-template","status":"publish","type":"page","link":"https:\/\/stylemixthemes.com\/cost-calculator-plugin\/es\/templates\/car-rental-booking-template\/","title":{"rendered":"Reserva de Alquiler de Coches"},"content":{"rendered":"\n<div class=\"ccb-main-widget \" id=\"ccb_app_11187\" data-calc-id=\"11187\"><\/div>\n\n<p><span style=\"font-weight: 400;\">Tener un formulario de reserva en el sitio web es esencial para una empresa de alquiler de coches, ya que permite gestionar eficazmente las reservas de los clientes.<\/span><\/p>\n<p><span style=\"font-weight: 400;\">El formulario de reserva permite a los clientes reservar un veh\u00edculo de alquiler de manera r\u00e1pida y sencilla, al mismo tiempo que proporciona a la empresa de alquiler de coches una visi\u00f3n clara de las pr\u00f3ximas reservas.<\/span><\/p>\n<p><span style=\"font-weight: 400;\">Tambi\u00e9n permite a la empresa de alquiler de coches proporcionar informaci\u00f3n adicional sobre los veh\u00edculos disponibles para alquilar, el coste del alquiler y cualquier otro requisito que el cliente deba conocer. Esto contribuye a garantizar que la experiencia del cliente sea lo m\u00e1s fluida y eficiente posible.<\/span><\/p>\n<p><span style=\"font-weight: 400;\">Prueba este formulario si se adapta a tu negocio. Siempre puedes a\u00f1adir par\u00e1metros adicionales que sean necesarios para tu actividad.<\/span><\/p>\n","protected":false},"excerpt":{"rendered":"<p>Tener un formulario de reserva en el sitio web es esencial para una empresa de alquiler de coches, ya que permite gestionar eficazmente las reservas&#8230;<\/p>\n","protected":false},"author":86,"featured_media":0,"parent":11169,"menu_order":0,"comment_status":"closed","ping_status":"closed","template":"paid_plugins\/calculator-live-demo.php","meta":{"footnotes":""},"class_list":["post-11172","page","type-page","status-publish","hentry"],"_links":{"self":[{"href":"https:\/\/stylemixthemes.com\/cost-calculator-plugin\/es\/wp-json\/wp\/v2\/pages\/11172","targetHints":{"allow":["GET"]}}],"collection":[{"href":"https:\/\/stylemixthemes.com\/cost-calculator-plugin\/es\/wp-json\/wp\/v2\/pages"}],"about":[{"href":"https:\/\/stylemixthemes.com\/cost-calculator-plugin\/es\/wp-json\/wp\/v2\/types\/page"}],"author":[{"embeddable":true,"href":"https:\/\/stylemixthemes.com\/cost-calculator-plugin\/es\/wp-json\/wp\/v2\/users\/86"}],"replies":[{"embeddable":true,"href":"https:\/\/stylemixthemes.com\/cost-calculator-plugin\/es\/wp-json\/wp\/v2\/comments?post=11172"}],"version-history":[{"count":5,"href":"https:\/\/stylemixthemes.com\/cost-calculator-plugin\/es\/wp-json\/wp\/v2\/pages\/11172\/revisions"}],"predecessor-version":[{"id":11199,"href":"https:\/\/stylemixthemes.com\/cost-calculator-plugin\/es\/wp-json\/wp\/v2\/pages\/11172\/revisions\/11199"}],"up":[{"embeddable":true,"href":"https:\/\/stylemixthemes.com\/cost-calculator-plugin\/es\/wp-json\/wp\/v2\/pages\/11169"}],"wp:attachment":[{"href":"https:\/\/stylemixthemes.com\/cost-calculator-plugin\/es\/wp-json\/wp\/v2\/media?parent=11172"}],"curies":[{"name":"wp","href":"https:\/\/api.w.org\/{rel}","templated":true}]}}