{"id":76578,"date":"2020-11-10T14:56:11","date_gmt":"2020-11-10T09:56:11","guid":{"rendered":"https:\/\/stylemixthemes.com\/cost-calculator-plugin\/terms-of-service\/"},"modified":"2024-12-26T15:36:10","modified_gmt":"2024-12-26T10:36:10","slug":"terms-of-service","status":"publish","type":"page","link":"https:\/\/stylemixthemes.com\/cost-calculator-plugin\/de\/terms-of-service\/","title":{"rendered":"Nutzungsbedingungen"},"content":{"rendered":"\n<h2>Definitionen<\/h2>\n<p>In diesem Dokument verwenden wir m\u00f6glicherweise bestimmte W\u00f6rter oder Ausdr\u00fccke, und es ist wichtig, dass Sie die Bedeutung dieser W\u00f6rter und Ausdr\u00fccke verstehen. Nachfolgend finden Sie eine nicht ersch\u00f6pfende Liste von Definitionen von W\u00f6rtern und Ausdr\u00fccken, die in diesem Dokument vorkommen:<\/p>\n<ul>\n<li>&#8222;Vereinbarung&#8220; bezieht sich auf diese Servicebedingungen;<\/li>\n<li>&#8222;Service&#8220; bezieht sich auf die Dienstleistungen, die wir anbieten, einschlie\u00dflich unserer WordPress-Themes (unabh\u00e4ngig davon, ob sie von uns \u00fcber Themeforest.net, unsere Website, direkt per E-Mail oder anderweitig bezogen werden) und unsere Website selbst;<\/li>\n<li>&#8222;Website&#8220; bezieht sich auf unsere Website <strong>support.stylemixthemes.com<\/strong>;<\/li>\n<li>&#8222;StylemixThemes&#8220; bezieht sich auf unser Unternehmen, bekannt als &#8222;Stylemix LLC&#8220;; unsere Website; unseren Service; oder eine Kombination aller oder einiger der vorstehenden Definitionen, je nach dem Kontext, in dem das Wort verwendet wird;<\/li>\n<li>&#8222;Benutzer&#8220; bezieht sich auf jeden, der unseren Dienst nutzt, einschlie\u00dflich der allgemeinen Besucher unserer Website;<\/li>\n<li>Der Begriff &#8222;Sie&#8220; bezieht sich auf Sie, die Person, f\u00fcr die diese Datenschutzrichtlinie gilt.<\/li>\n<\/ul>\n<h2>Was StylemixThemes bietet<\/h2>\n<p>StylemixThemes ist ein Online-Unternehmen, das WordPress-Themes erstellt. Derzeit verkaufen wir diese Themen ausschlie\u00dflich auf Themeforest.net (&#8222;Themeforest&#8220;). Themeforest kontrolliert die Transaktion, die Preisgestaltung, die Supportpolitik und verwaltet die Lizenz f\u00fcr jeden Kauf.<\/p>\n<p>StylemixThemes bietet technischen Support f\u00fcr alle, die unser Theme bei Themeforest kaufen. Dieser Support wird auf unserer aktuellen Website angeboten und die <a href=\"https:\/\/themeforest.net\/page\/item_support_policy\">Support-Politik<\/a> und die <a href=\"https:\/\/help.market.envato.com\/hc\/en-us\/articles\/205923460\">Support-Preise<\/a> werden von Themeforest.net kontrolliert.<\/p>\n<p>Wenn ein Nutzer unser Theme bei Themeforest kauft, erh\u00e4lt er einen Themeforest-Kaufcode, mit dem er sich in unserem Support-Center anmelden kann, um Zugang zu unserem Support zu erhalten. Wir bieten nur verifizierten K\u00e4ufern unseres Themes von Themeforest Unterst\u00fctzung an.<\/p>\n<h2>Zuschussf\u00e4higkeit<\/h2>\n<p>Um unseren Service nutzen zu k\u00f6nnen, m\u00fcssen Sie eine Reihe von Bedingungen erf\u00fcllen, einschlie\u00dflich, aber nicht beschr\u00e4nkt auf:<\/p>\n<ul>\n<li>Sie d\u00fcrfen nicht gegen Embargos, Exportkontrollen oder andere Gesetze des Emirats Ajman in den Vereinigten Arabischen Emiraten oder anderer L\u00e4nder, die f\u00fcr diese Vereinbarung, StylemixThemes und Sie selbst zust\u00e4ndig sind, versto\u00dfen.<\/li>\n<li>Sie m\u00fcssen das f\u00fcr den Abschluss eines Vertrags erforderliche Mindestalter in dem Gebiet, in dem Sie Ihren Wohnsitz haben, erreicht haben und d\u00fcrfen auf keinen Fall unter 18 Jahre alt sein.<\/li>\n<li>Wenn Sie sich im Namen einer Organisation anmelden, m\u00fcssen Sie von dieser Organisation bevollm\u00e4chtigt sein, sie an diese Vereinbarung zu binden, und Sie erkl\u00e4ren sich damit einverstanden, dass Sie und die Organisation gesamtschuldnerisch f\u00fcr jegliche Verst\u00f6\u00dfe gegen diese Vereinbarung haften.<\/li>\n<li>Sie m\u00fcssen uns pers\u00f6nliche Daten und andere Informationen zur Verf\u00fcgung stellen, die wir als notwendig erachten, um Ihnen unseren Service anbieten zu k\u00f6nnen.<\/li>\n<\/ul>\n<h2>Regeln<\/h2>\n<p>Das d\u00fcrfen Sie nicht:<\/p>\n<ul>\n<li>die Gesetze des Emirats Ajman, der Vereinigten Arabischen Emirate oder einer ausl\u00e4ndischen politischen Einheit, die f\u00fcr dieses Abkommen zust\u00e4ndig ist, zu verletzen, unabh\u00e4ngig davon, ob es sich bei der ausl\u00e4ndischen politischen Einheit um ein Land oder eine Unterabteilung (z. B. ein Bundesland oder eine Provinz) oder eine Gemeinde (z. B. eine Stadt, ein Landkreis oder eine Region) eines ausl\u00e4ndischen Landes handelt oder nicht.<\/li>\n<li>Gewaltt\u00e4tige, bedrohliche, pornografische, rassistische, hasserf\u00fcllte oder anderweitig nach Meinung von StylemixThemes anst\u00f6\u00dfige Inhalte zu posten oder zu versenden.<\/li>\n<li>die Rechte am geistigen Eigentum von Dritten zu verletzen, jemanden zu verleumden, sich als jemand anderes auszugeben oder auf andere Weise die Rechte von Dritten zu verletzen.<\/li>\n<li>Hacken, Cracken, Phishing, SQL-Injects oder anderweitige Beeintr\u00e4chtigung der Sicherheit oder Integrit\u00e4t der StylemixThemes Website, des Service oder der Computer der Benutzer.<\/li>\n<li>Alles andere zu tun, was StylemixThemes in Verruf bringen oder die Rechte einer Person verletzen k\u00f6nnte.<\/li>\n<\/ul>\n<h2>Urheberrecht<\/h2>\n<p>Sie erkl\u00e4ren sich damit einverstanden, die Informationen auf der Website nicht zu kopieren, zu verteilen, auszustellen, zu verbreiten oder anderweitig zu vervielf\u00e4ltigen, ohne vorher unsere schriftliche Genehmigung einzuholen.<\/p>\n<p>StylemixThemes muss sich vergewissern, dass es das Recht hat, die Inhalte, die von den Nutzern auf die Website gestellt werden, zu nutzen. Solche Inhalte k\u00f6nnen unter anderem Fotos, Videos, Text, Audio und andere Materialien umfassen. Wenn Sie Inhalte an unsere Website \u00fcbermitteln, erkl\u00e4ren Sie sich damit einverstanden, dass Sie uns ein nicht-exklusives, universelles, unbefristetes, unwiderrufliches, unterlizenzierbares, kommerzielles und nicht-kommerzielles Recht gew\u00e4hren, die von Ihnen \u00fcbermittelten Inhalte zu nutzen, zu verteilen, zu verkaufen, zu ver\u00f6ffentlichen und anderweitig zu verwenden. Sie garantieren uns, dass Sie das Recht haben, uns dieses Recht an den Inhalten zu gew\u00e4hren, und dass Sie uns f\u00fcr alle Verluste entsch\u00e4digen, die sich aus einer Verletzung dieser Garantie ergeben, und uns gegen diesbez\u00fcgliche Anspr\u00fcche verteidigen werden.<\/p>\n","protected":false},"excerpt":{"rendered":"","protected":false},"author":1,"featured_media":0,"parent":0,"menu_order":0,"comment_status":"closed","ping_status":"closed","template":"page-simple.php","meta":{"footnotes":""},"class_list":["post-76578","page","type-page","status-publish","hentry"],"_links":{"self":[{"href":"https:\/\/stylemixthemes.com\/cost-calculator-plugin\/de\/wp-json\/wp\/v2\/pages\/76578","targetHints":{"allow":["GET"]}}],"collection":[{"href":"https:\/\/stylemixthemes.com\/cost-calculator-plugin\/de\/wp-json\/wp\/v2\/pages"}],"about":[{"href":"https:\/\/stylemixthemes.com\/cost-calculator-plugin\/de\/wp-json\/wp\/v2\/types\/page"}],"author":[{"embeddable":true,"href":"https:\/\/stylemixthemes.com\/cost-calculator-plugin\/de\/wp-json\/wp\/v2\/users\/1"}],"replies":[{"embeddable":true,"href":"https:\/\/stylemixthemes.com\/cost-calculator-plugin\/de\/wp-json\/wp\/v2\/comments?post=76578"}],"version-history":[{"count":3,"href":"https:\/\/stylemixthemes.com\/cost-calculator-plugin\/de\/wp-json\/wp\/v2\/pages\/76578\/revisions"}],"predecessor-version":[{"id":76598,"href":"https:\/\/stylemixthemes.com\/cost-calculator-plugin\/de\/wp-json\/wp\/v2\/pages\/76578\/revisions\/76598"}],"wp:attachment":[{"href":"https:\/\/stylemixthemes.com\/cost-calculator-plugin\/de\/wp-json\/wp\/v2\/media?parent=76578"}],"curies":[{"name":"wp","href":"https:\/\/api.w.org\/{rel}","templated":true}]}}